{"id":2817,"date":"2024-03-11T21:19:43","date_gmt":"2024-03-12T00:19:43","guid":{"rendered":"https:\/\/welcomegreen.com.uy\/?post_type=product&#038;p=2817"},"modified":"2024-03-11T21:22:02","modified_gmt":"2024-03-12T00:22:02","slug":"biorepelente-em5-10l","status":"publish","type":"product","link":"https:\/\/welcomegreen.com.uy\/?product=biorepelente-em5-10l","title":{"rendered":"Biorepelente EM5 10L"},"content":{"rendered":"<p><span style=\"font-weight: 400;\">Fermento<\/span><span style=\"font-weight: 400;\"> elaborado a base de una gran variedad de plantas arom\u00e1ticas. <\/span><span style=\"font-weight: 400;\"><br \/>\n<\/span><span style=\"font-weight: 400;\">Al contener aceites esenciales y terpenos arom\u00e1ticos, atrae polinizadores a tu huerta incluyendo enemigos naturales de insectos plaga.<\/span><span style=\"font-weight: 400;\"><br \/>\n<\/span><span style=\"font-weight: 400;\">Previene y repele plagas como babosas, caracoles, hormigas, gusanos, mosca blanca, pulgones, \u00e1caros, cochinillas, entre otros.<\/span><\/p>\n<p><span style=\"font-weight: 400;\">Adem\u00e1s previene enfermedades causadas por hongos ya que contiene extracto de cola de caballo, \u00e9ste tambi\u00e9n aporta s\u00edlice y otros microelementos d\u00e1ndole vigor a las plantas.<\/span><\/p>\n<p><span style=\"font-weight: 400;\">Se trata de una soluci\u00f3n amigable contra plagas en nuestro jard\u00edn<\/span><span style=\"font-weight: 400;\">.<\/span><\/p>\n<p><span style=\"font-weight: 400;\">Beneficios:\u00a0<\/span><\/p>\n<ul>\n<li style=\"font-weight: 400;\" aria-level=\"1\"><span style=\"font-weight: 400;\">Protege tus cultivos de posibles plagas<\/span><\/li>\n<li style=\"font-weight: 400;\" aria-level=\"1\"><span style=\"font-weight: 400;\">Atrae controladores biol\u00f3gicos<\/span><\/li>\n<li style=\"font-weight: 400;\" aria-level=\"1\"><span style=\"font-weight: 400;\">100% ecol\u00f3gico<\/span><\/li>\n<li style=\"font-weight: 400;\" aria-level=\"1\"><span style=\"font-weight: 400;\">Libre de t\u00f3xicos<\/span><\/li>\n<li style=\"font-weight: 400;\" aria-level=\"1\"><span style=\"font-weight: 400;\">No genera resistencia<\/span><\/li>\n<\/ul>\n<p><span style=\"font-weight: 400;\">Instrucciones de uso:<\/span><\/p>\n<p><span style=\"font-weight: 400;\">Mezclar 50 a 100 ml en un litro de agua sin cloro y pulverizar las hojas de ambos lados.<\/span><\/p>\n<p><span style=\"font-weight: 400;\">Se recomienda re aplicar luego de una lluvia, si es necesario como preventivo una vez por semana.<\/span><\/p>\n<p><span style=\"font-weight: 400;\">Producto inocuo, no t\u00f3xico, no cancer\u00edgeno ni peligroso para animales.<\/span><\/p>\n","protected":false},"excerpt":{"rendered":"<p>Fermento elaborado a base de una gran variedad de plantas arom\u00e1ticas. Al contener aceites esenciales y terpenos arom\u00e1ticos, atrae polinizadores a tu huerta incluyendo enemigos naturales de insectos plaga. Previene y repele plagas como babosas, caracoles, hormigas, gusanos, mosca blanca, pulgones, \u00e1caros, cochinillas, entre otros. Adem\u00e1s previene enfermedades causadas por hongos ya que contiene extracto [&hellip;]<\/p>\n","protected":false},"featured_media":2697,"comment_status":"open","ping_status":"closed","template":"","meta":[],"product_cat":[62],"product_tag":[],"jetpack_sharing_enabled":true,"_links":{"self":[{"href":"https:\/\/welcomegreen.com.uy\/index.php?rest_route=\/wp\/v2\/product\/2817"}],"collection":[{"href":"https:\/\/welcomegreen.com.uy\/index.php?rest_route=\/wp\/v2\/product"}],"about":[{"href":"https:\/\/welcomegreen.com.uy\/index.php?rest_route=\/wp\/v2\/types\/product"}],"replies":[{"embeddable":true,"href":"https:\/\/welcomegreen.com.uy\/index.php?rest_route=%2Fwp%2Fv2%2Fcomments&post=2817"}],"wp:featuredmedia":[{"embeddable":true,"href":"https:\/\/welcomegreen.com.uy\/index.php?rest_route=\/wp\/v2\/media\/2697"}],"wp:attachment":[{"href":"https:\/\/welcomegreen.com.uy\/index.php?rest_route=%2Fwp%2Fv2%2Fmedia&parent=2817"}],"wp:term":[{"taxonomy":"product_cat","embeddable":true,"href":"https:\/\/welcomegreen.com.uy\/index.php?rest_route=%2Fwp%2Fv2%2Fproduct_cat&post=2817"},{"taxonomy":"product_tag","embeddable":true,"href":"https:\/\/welcomegreen.com.uy\/index.php?rest_route=%2Fwp%2Fv2%2Fproduct_tag&post=2817"}],"curies":[{"name":"wp","href":"https:\/\/api.w.org\/{rel}","templated":true}]}}