{"id":2428,"date":"2023-04-20T15:32:02","date_gmt":"2023-04-20T18:32:02","guid":{"rendered":"https:\/\/welcomegreen.com.uy\/?post_type=product&#038;p=2428"},"modified":"2023-04-21T16:48:34","modified_gmt":"2023-04-21T19:48:34","slug":"bokashi-em-4l","status":"publish","type":"product","link":"https:\/\/welcomegreen.com.uy\/?product=bokashi-em-4l","title":{"rendered":"Bokashi EM 4L"},"content":{"rendered":"<p><span style=\"font-weight: 400;\">Abono org\u00e1nico fermentado con microbiolog\u00eda ben\u00e9fica para las plantas<\/span><span style=\"font-weight: 400;\">. Enriquecido con harinas org\u00e1nicas y minerales de gran y diverso aporte de nutrientes<\/span><\/p>\n<p><span style=\"font-weight: 400;\">Aporta una gran cantidad de nutrientes como nitr\u00f3geno, f\u00f3sforo, calcio, potasio, magnesio y microelementos que promueven tanto el crecimiento vegetativo como<\/span><span style=\"font-weight: 400;\"> la floraci\u00f3n.<\/span><\/p>\n<p><span style=\"font-weight: 400;\">Sus hongos ben\u00e9ficos generan un micelio (telara\u00f1a blanca) el cual es utilizado por los microartr\u00f3podos descomponedores de suelo promoviendo y acelerando la degradaci\u00f3n de la materia org\u00e1nica .<\/span><\/p>\n<p><b><br \/>\n<\/b><b><br \/>\n<\/b><b>Beneficios:<\/b><\/p>\n<ul>\n<li><span style=\"font-weight: 400;\">Mejora la salud del suelo<\/span><\/li>\n<li><span style=\"font-weight: 400;\">Aumenta el rendimiento del producto final.\u00a0<\/span><\/li>\n<li><span style=\"font-weight: 400;\">Mejoran las propiedades f\u00edsicas, qu\u00edmicas y biol\u00f3gicas de nuestro suelo<\/span><\/li>\n<li><span style=\"font-weight: 400;\">\u00a0Aporta una gran cantidad de microorganismos ben\u00e9ficos .<\/span><\/li>\n<\/ul>\n<p><b>Instrucciones de uso:<\/b><\/p>\n<p><span style=\"font-weight: 400;\">En mezcla de sustrato: 4 cucharadas por litro de sustrato<\/span><\/p>\n<p><span style=\"font-weight: 400;\">Enmienda superficial:<\/span><span style=\"font-weight: 400;\"><br \/>\n<\/span><span style=\"font-weight: 400;\"> En huerta: 1 L de Bokashi EM por m<\/span><span style=\"font-weight: 400;\">2<\/span><span style=\"font-weight: 400;\"><br \/>\n<\/span><span style=\"font-weight: 400;\"><br \/>\n<\/span><span style=\"font-weight: 400;\"> En maceta: 1 cucharada por litro de sustrato<\/span><span style=\"font-weight: 400;\"><br \/>\n<\/span><span style=\"font-weight: 400;\"><br \/>\n<\/span><span style=\"font-weight: 400;\">T\u00e9 de compost:<\/span><span style=\"font-weight: 400;\"><br \/>\n<\/span><span style=\"font-weight: 400;\">1 a 2 cucharadas por litro de t\u00e9<\/span><span style=\"font-weight: 400;\"><br \/>\n<\/span><span style=\"font-weight: 400;\"><br \/>\n<\/span><span style=\"font-weight: 400;\">Se recomienda aplicar junto con melaza y Humus de lombriz o compost premium.<\/span><span style=\"font-weight: 400;\"><br \/>\n<\/span><span style=\"font-weight: 400;\">Dejar oxigenar 24hs y aplicar.<\/span><\/p>\n<p><span style=\"font-weight: 400;\">Apto para todo tipo de suelos<\/span><\/p>\n<p><span style=\"font-weight: 400;\">Producto no t\u00f3xico\u00a0<\/span><\/p>\n","protected":false},"excerpt":{"rendered":"<p><b>Beneficios:<\/b><\/p>\n<ul>\n<li><span style=\"font-weight: 400;\">Mejora la salud del suelo<\/span><\/li>\n<li><span style=\"font-weight: 400;\">Aumenta el rendimiento del producto final.\u00a0<\/span><\/li>\n<li><span style=\"font-weight: 400;\">Mejoran las propiedades f\u00edsicas, qu\u00edmicas y biol\u00f3gicas de nuestro suelo<\/span><\/li>\n<li><span style=\"font-weight: 400;\">\u00a0Aporta una gran cantidad de microorganismos ben\u00e9ficos .<\/span><\/li>\n<\/ul>\n<p><b>Instrucciones de uso:<\/b><\/p>\n<p><span style=\"font-weight: 400;\">En mezcla de sustrato: 4 cucharadas por litro de sustrato<\/span><\/p>\n<p><span style=\"font-weight: 400;\">Enmienda superficial:<\/span><span style=\"font-weight: 400;\"><br \/>\n<\/span><span style=\"font-weight: 400;\"> En huerta: 1 L de Bokashi EM por m<\/span><span style=\"font-weight: 400;\">2<\/span><span style=\"font-weight: 400;\"><br \/>\n<\/span><span style=\"font-weight: 400;\"><br \/>\n<\/span><span style=\"font-weight: 400;\"> En maceta: 1 cucharada por litro de sustrato<\/span><span style=\"font-weight: 400;\"><br \/>\n<\/span><span style=\"font-weight: 400;\"><br \/>\n<\/span><span style=\"font-weight: 400;\">T\u00e9 de compost:<\/span><span style=\"font-weight: 400;\"><br \/>\n<\/span><span style=\"font-weight: 400;\">1 a 2 cucharadas por litro de t\u00e9<\/span><\/p>\n","protected":false},"featured_media":2472,"comment_status":"open","ping_status":"closed","template":"","meta":[],"product_cat":[62],"product_tag":[],"jetpack_sharing_enabled":true,"_links":{"self":[{"href":"https:\/\/welcomegreen.com.uy\/index.php?rest_route=\/wp\/v2\/product\/2428"}],"collection":[{"href":"https:\/\/welcomegreen.com.uy\/index.php?rest_route=\/wp\/v2\/product"}],"about":[{"href":"https:\/\/welcomegreen.com.uy\/index.php?rest_route=\/wp\/v2\/types\/product"}],"replies":[{"embeddable":true,"href":"https:\/\/welcomegreen.com.uy\/index.php?rest_route=%2Fwp%2Fv2%2Fcomments&post=2428"}],"wp:featuredmedia":[{"embeddable":true,"href":"https:\/\/welcomegreen.com.uy\/index.php?rest_route=\/wp\/v2\/media\/2472"}],"wp:attachment":[{"href":"https:\/\/welcomegreen.com.uy\/index.php?rest_route=%2Fwp%2Fv2%2Fmedia&parent=2428"}],"wp:term":[{"taxonomy":"product_cat","embeddable":true,"href":"https:\/\/welcomegreen.com.uy\/index.php?rest_route=%2Fwp%2Fv2%2Fproduct_cat&post=2428"},{"taxonomy":"product_tag","embeddable":true,"href":"https:\/\/welcomegreen.com.uy\/index.php?rest_route=%2Fwp%2Fv2%2Fproduct_tag&post=2428"}],"curies":[{"name":"wp","href":"https:\/\/api.w.org\/{rel}","templated":true}]}}