{"id":2244,"date":"2023-03-29T17:02:26","date_gmt":"2023-03-29T20:02:26","guid":{"rendered":"https:\/\/welcomegreen.com.uy\/?page_id=2244"},"modified":"2023-05-08T11:50:00","modified_gmt":"2023-05-08T14:50:00","slug":"carrito","status":"publish","type":"page","link":"https:\/\/welcomegreen.com.uy\/?page_id=2244","title":{"rendered":"Carrito"},"content":{"rendered":"\t\t<div data-elementor-type=\"wp-page\" data-elementor-id=\"2244\" class=\"elementor elementor-2244\" data-elementor-post-type=\"page\">\n\t\t\t\t<div class=\"elementor-element elementor-element-16638ea5 e-flex e-con-boxed e-con e-parent\" data-id=\"16638ea5\" data-element_type=\"container\">\n\t\t\t\t\t<div class=\"e-con-inner\">\n\t\t\t\t<div class=\"elementor-element elementor-element-5a6c98f6 elementor-widget-mobile__width-inherit e-cart-layout-two-column elementor-widget elementor-widget-woocommerce-cart\" data-id=\"5a6c98f6\" data-element_type=\"widget\" data-settings=\"{&quot;update_cart_automatically&quot;:&quot;yes&quot;}\" data-widget_type=\"woocommerce-cart.default\">\n\t\t\t\t<div class=\"elementor-widget-container\">\n\t\t\t\t\t<div class=\"woocommerce\"><div class=\"woocommerce-notices-wrapper\"><\/div><div class=\"wc-empty-cart-message\">\n\t<div class=\"wc-block-components-notice-banner is-info\" role=\"alert\">\n\t\t<svg xmlns=\"http:\/\/www.w3.org\/2000\/svg\" viewBox=\"0 0 24 24\" width=\"24\" height=\"24\" aria-hidden=\"true\" focusable=\"false\">\n\t\t\t<path d=\"M12 3.2c-4.8 0-8.8 3.9-8.8 8.8 0 4.8 3.9 8.8 8.8 8.8 4.8 0 8.8-3.9 8.8-8.8 0-4.8-4-8.8-8.8-8.8zm0 16c-4 0-7.2-3.3-7.2-7.2C4.8 8 8 4.8 12 4.8s7.2 3.3 7.2 7.2c0 4-3.2 7.2-7.2 7.2zM11 17h2v-6h-2v6zm0-8h2V7h-2v2z\"><\/path>\n\t\t<\/svg>\n\t\t<div class=\"wc-block-components-notice-banner__content\">\n\t\t\tTu carrito est\u00e1 vac\u00edo.\t\t<\/div>\n\t<\/div>\n<\/div>\t<p class=\"return-to-shop\">\n\t\t<a class=\"button wc-backward wp-element-button\" href=\"https:\/\/welcomegreen.com.uy\/?page_id=2239\">\n\t\t\tVolver a la tienda\t\t<\/a>\n\t<\/p>\n<\/div>\t\t\t\t<\/div>\n\t\t\t\t<\/div>\n\t\t\t\t\t<\/div>\n\t\t\t\t<\/div>\n\t\t\t\t<\/div>\n\t\t","protected":false},"excerpt":{"rendered":"<p>Zona de coincidencia con el cliente \u00abMontevideo\u00bb Eliminar art\u00edculo Imagen en miniatura Producto Precio Cantidad Subtotal &times; Boost Oil 1L &#36;&nbsp;390,00 Boost Oil 1L cantidad &#36;&nbsp;390,00 &times; Microorganismos RegenerNativos 1L &#36;&nbsp;290,00 Microorganismos RegenerNativos 1L cantidad &#36;&nbsp;290,00 Aplicar Cup\u00f3n Total Carrito Subtotal &#36;&nbsp;680,00 Env\u00edo Precio fijo: &#36;&nbsp;200,00 Recogida local Enviar a Montevideo. Cambiar direcci\u00f3n Pa\u00eds o [&hellip;]<\/p>\n","protected":false},"author":1,"featured_media":0,"parent":0,"menu_order":0,"comment_status":"closed","ping_status":"closed","template":"elementor_header_footer","meta":{"footnotes":""},"jetpack_sharing_enabled":true,"_links":{"self":[{"href":"https:\/\/welcomegreen.com.uy\/index.php?rest_route=\/wp\/v2\/pages\/2244"}],"collection":[{"href":"https:\/\/welcomegreen.com.uy\/index.php?rest_route=\/wp\/v2\/pages"}],"about":[{"href":"https:\/\/welcomegreen.com.uy\/index.php?rest_route=\/wp\/v2\/types\/page"}],"author":[{"embeddable":true,"href":"https:\/\/welcomegreen.com.uy\/index.php?rest_route=\/wp\/v2\/users\/1"}],"replies":[{"embeddable":true,"href":"https:\/\/welcomegreen.com.uy\/index.php?rest_route=%2Fwp%2Fv2%2Fcomments&post=2244"}],"version-history":[{"count":16,"href":"https:\/\/welcomegreen.com.uy\/index.php?rest_route=\/wp\/v2\/pages\/2244\/revisions"}],"predecessor-version":[{"id":2485,"href":"https:\/\/welcomegreen.com.uy\/index.php?rest_route=\/wp\/v2\/pages\/2244\/revisions\/2485"}],"wp:attachment":[{"href":"https:\/\/welcomegreen.com.uy\/index.php?rest_route=%2Fwp%2Fv2%2Fmedia&parent=2244"}],"curies":[{"name":"wp","href":"https:\/\/api.w.org\/{rel}","templated":true}]}}